{"id":639,"date":"2022-10-17T17:39:39","date_gmt":"2022-10-17T14:39:39","guid":{"rendered":"https:\/\/merintas.com.tr\/?page_id=639"},"modified":"2022-10-18T16:11:27","modified_gmt":"2022-10-18T13:11:27","slug":"opp-etiket","status":"publish","type":"page","link":"https:\/\/merintas.com.tr\/en\/opp-etiket\/","title":{"rendered":"OPP SARMAL ET\u0130KET"},"content":{"rendered":"<div id=\"gap-1040569060\" class=\"gap-element clearfix\" style=\"display:block; height:auto;\">\n\t\t\n<style scope=\"scope\">\n\n#gap-1040569060 {\n  padding-top: 30px;\n}\n<\/style>\n\t<\/div>\n\t\n\n<div class=\"row row-small align-center\"  id=\"row-1505728321\">\n\n\n\t<div class=\"col small-12 large-12\"  >\n\t\t<div class=\"col-inner text-center\"  >\n\t\t\t\n\t\t\t\n\n<a class=\"button primary\"  >\n    <span>OPP SARMAL ET\u0130KET<\/span>\n  <i class=\"icon-angle-down\" ><\/i><\/a>\n\n\n\n\t\t<\/div>\n\t<\/div>\n\n\t\n\n\t<div class=\"col medium-6 small-6 large-6\"  >\n\t\t<div class=\"col-inner\"  >\n\t\t\t\n\t\t\t\n\n\t<div class=\"img has-hover x md-x lg-x y md-y lg-y\" id=\"image_838596540\">\n\t\t\t\t\t\t\t\t<div class=\"img-inner dark\" >\n\t\t\t<img loading=\"lazy\" decoding=\"async\" width=\"800\" height=\"800\" src=\"https:\/\/merintas.com.tr\/wp-content\/uploads\/2022\/10\/100b3e04729303427.55ece0ad7056c0-min-800x800.jpg\" class=\"attachment-large size-large\" alt=\"\" srcset=\"https:\/\/merintas.com.tr\/wp-content\/uploads\/2022\/10\/100b3e04729303427.55ece0ad7056c0-min-800x800.jpg 800w, https:\/\/merintas.com.tr\/wp-content\/uploads\/2022\/10\/100b3e04729303427.55ece0ad7056c0-min-400x400.jpg 400w, https:\/\/merintas.com.tr\/wp-content\/uploads\/2022\/10\/100b3e04729303427.55ece0ad7056c0-min-280x280.jpg 280w, https:\/\/merintas.com.tr\/wp-content\/uploads\/2022\/10\/100b3e04729303427.55ece0ad7056c0-min-768x768.jpg 768w, https:\/\/merintas.com.tr\/wp-content\/uploads\/2022\/10\/100b3e04729303427.55ece0ad7056c0-min-12x12.jpg 12w, https:\/\/merintas.com.tr\/wp-content\/uploads\/2022\/10\/100b3e04729303427.55ece0ad7056c0-min.jpg 1131w\" sizes=\"auto, (max-width: 800px) 100vw, 800px\" \/>\t\t\t\t\t\t\n\t\t\t\t\t<\/div>\n\t\t\t\t\t\t\t\t\n<style scope=\"scope\">\n\n#image_838596540 {\n  width: 100%;\n}\n<\/style>\n\t<\/div>\n\t\n\n\n\t\t<\/div>\n\t<\/div>\n\n\t\n\n\t<div class=\"col medium-6 small-6 large-6\"  >\n\t\t<div class=\"col-inner\"  >\n\t\t\t\n\t\t\t\n\n\t<div class=\"img has-hover x md-x lg-x y md-y lg-y\" id=\"image_1011999408\">\n\t\t\t\t\t\t\t\t<div class=\"img-inner dark\" >\n\t\t\t<img loading=\"lazy\" decoding=\"async\" width=\"800\" height=\"800\" src=\"https:\/\/merintas.com.tr\/wp-content\/uploads\/2022\/10\/100doganay-gida-a-s-30-min-800x800.jpg\" class=\"attachment-large size-large\" alt=\"\" srcset=\"https:\/\/merintas.com.tr\/wp-content\/uploads\/2022\/10\/100doganay-gida-a-s-30-min-800x800.jpg 800w, https:\/\/merintas.com.tr\/wp-content\/uploads\/2022\/10\/100doganay-gida-a-s-30-min-400x400.jpg 400w, https:\/\/merintas.com.tr\/wp-content\/uploads\/2022\/10\/100doganay-gida-a-s-30-min-280x280.jpg 280w, https:\/\/merintas.com.tr\/wp-content\/uploads\/2022\/10\/100doganay-gida-a-s-30-min-768x768.jpg 768w, https:\/\/merintas.com.tr\/wp-content\/uploads\/2022\/10\/100doganay-gida-a-s-30-min-12x12.jpg 12w, https:\/\/merintas.com.tr\/wp-content\/uploads\/2022\/10\/100doganay-gida-a-s-30-min.jpg 1208w\" sizes=\"auto, (max-width: 800px) 100vw, 800px\" \/>\t\t\t\t\t\t\n\t\t\t\t\t<\/div>\n\t\t\t\t\t\t\t\t\n<style scope=\"scope\">\n\n#image_1011999408 {\n  width: 100%;\n}\n<\/style>\n\t<\/div>\n\t\n\n\n\t\t<\/div>\n\t<\/div>\n\n\t\n\n\t<div class=\"col medium-6 small-6 large-6\"  >\n\t\t<div class=\"col-inner\"  >\n\t\t\t\n\t\t\t\n\n\t<div class=\"img has-hover x md-x lg-x y md-y lg-y\" id=\"image_1390703665\">\n\t\t\t\t\t\t\t\t<div class=\"img-inner dark\" >\n\t\t\t<img loading=\"lazy\" decoding=\"async\" width=\"800\" height=\"800\" src=\"https:\/\/merintas.com.tr\/wp-content\/uploads\/2022\/10\/100doganay-salgam-acili-2-lt-pet-sise-p-57030-min-800x800.jpg\" class=\"attachment-large size-large\" alt=\"\" srcset=\"https:\/\/merintas.com.tr\/wp-content\/uploads\/2022\/10\/100doganay-salgam-acili-2-lt-pet-sise-p-57030-min-800x800.jpg 800w, https:\/\/merintas.com.tr\/wp-content\/uploads\/2022\/10\/100doganay-salgam-acili-2-lt-pet-sise-p-57030-min-400x400.jpg 400w, https:\/\/merintas.com.tr\/wp-content\/uploads\/2022\/10\/100doganay-salgam-acili-2-lt-pet-sise-p-57030-min-280x280.jpg 280w, https:\/\/merintas.com.tr\/wp-content\/uploads\/2022\/10\/100doganay-salgam-acili-2-lt-pet-sise-p-57030-min-768x768.jpg 768w, https:\/\/merintas.com.tr\/wp-content\/uploads\/2022\/10\/100doganay-salgam-acili-2-lt-pet-sise-p-57030-min-12x12.jpg 12w, https:\/\/merintas.com.tr\/wp-content\/uploads\/2022\/10\/100doganay-salgam-acili-2-lt-pet-sise-p-57030-min.jpg 1200w\" sizes=\"auto, (max-width: 800px) 100vw, 800px\" \/>\t\t\t\t\t\t\n\t\t\t\t\t<\/div>\n\t\t\t\t\t\t\t\t\n<style scope=\"scope\">\n\n#image_1390703665 {\n  width: 100%;\n}\n<\/style>\n\t<\/div>\n\t\n\n\n\t\t<\/div>\n\t<\/div>\n\n\t\n\n\t<div class=\"col medium-6 small-6 large-6\"  >\n\t\t<div class=\"col-inner\"  >\n\t\t\t\n\t\t\t\n\n\t<div class=\"img has-hover x md-x lg-x y md-y lg-y\" id=\"image_1756556430\">\n\t\t\t\t\t\t\t\t<div class=\"img-inner dark\" >\n\t\t\t<img loading=\"lazy\" decoding=\"async\" width=\"800\" height=\"800\" src=\"https:\/\/merintas.com.tr\/wp-content\/uploads\/2022\/10\/100doganay-salgam-spicy-turnip-juice-3000-min-800x800.jpg\" class=\"attachment-large size-large\" alt=\"\" srcset=\"https:\/\/merintas.com.tr\/wp-content\/uploads\/2022\/10\/100doganay-salgam-spicy-turnip-juice-3000-min-800x800.jpg 800w, https:\/\/merintas.com.tr\/wp-content\/uploads\/2022\/10\/100doganay-salgam-spicy-turnip-juice-3000-min-400x400.jpg 400w, https:\/\/merintas.com.tr\/wp-content\/uploads\/2022\/10\/100doganay-salgam-spicy-turnip-juice-3000-min-280x280.jpg 280w, https:\/\/merintas.com.tr\/wp-content\/uploads\/2022\/10\/100doganay-salgam-spicy-turnip-juice-3000-min-768x768.jpg 768w, https:\/\/merintas.com.tr\/wp-content\/uploads\/2022\/10\/100doganay-salgam-spicy-turnip-juice-3000-min-1536x1536.jpg 1536w, https:\/\/merintas.com.tr\/wp-content\/uploads\/2022\/10\/100doganay-salgam-spicy-turnip-juice-3000-min-12x12.jpg 12w, https:\/\/merintas.com.tr\/wp-content\/uploads\/2022\/10\/100doganay-salgam-spicy-turnip-juice-3000-min.jpg 1650w\" sizes=\"auto, (max-width: 800px) 100vw, 800px\" \/>\t\t\t\t\t\t\n\t\t\t\t\t<\/div>\n\t\t\t\t\t\t\t\t\n<style scope=\"scope\">\n\n#image_1756556430 {\n  width: 100%;\n}\n<\/style>\n\t<\/div>\n\t\n\n\n\t\t<\/div>\n\t<\/div>\n\n\t\n\n\t<div class=\"col small-12 large-12\"  >\n\t\t<div class=\"col-inner text-center\"  >\n\t\t\t\n\t\t\t\n\n<div class=\"vc_row wpb_row vc_row-fluid\">\n<div class=\"wpb_column vc_column_container vc_col-sm-12\">\n<div class=\"vc_column-inner\">\n<div class=\"wpb_wrapper\">\n<div class=\"wpb_text_column wpb_content_element\">\n<div class=\"wpb_wrapper\" style=\"text-align: center;\"><strong>OPP Etiket<\/strong><br \/>OPP Sarmal Etiketler (Wrap Around Labels) daha \u00e7ok su \u015fi\u015felerinde kullan\u0131lan etiketlerdir. Genelde k\u00fc\u00e7\u00fck ebatl\u0131 etiketler olduklar\u0131ndan k\u00fc\u00e7\u00fck yaz\u0131lar\u0131n okunabilmesi i\u00e7in bask\u0131 hassasiyeti \u00f6nemlidir. Hassas makinelerimizde etiket \u00fczerine net ve okunakl\u0131 bask\u0131lar yap\u0131yoruz.<\/div>\n<\/div>\n<\/div>\n<\/div>\n<\/div>\n<\/div>\n\n\t\t<\/div>\n\t<\/div>\n\n\t\n\n\n<style scope=\"scope\">\n\n<\/style>\n<\/div>","protected":false},"excerpt":{"rendered":"","protected":false},"author":1,"featured_media":0,"parent":0,"menu_order":0,"comment_status":"closed","ping_status":"closed","template":"","meta":{"footnotes":""},"class_list":["post-639","page","type-page","status-publish","hentry"],"_links":{"self":[{"href":"https:\/\/merintas.com.tr\/en\/wp-json\/wp\/v2\/pages\/639","targetHints":{"allow":["GET"]}}],"collection":[{"href":"https:\/\/merintas.com.tr\/en\/wp-json\/wp\/v2\/pages"}],"about":[{"href":"https:\/\/merintas.com.tr\/en\/wp-json\/wp\/v2\/types\/page"}],"author":[{"embeddable":true,"href":"https:\/\/merintas.com.tr\/en\/wp-json\/wp\/v2\/users\/1"}],"replies":[{"embeddable":true,"href":"https:\/\/merintas.com.tr\/en\/wp-json\/wp\/v2\/comments?post=639"}],"version-history":[{"count":8,"href":"https:\/\/merintas.com.tr\/en\/wp-json\/wp\/v2\/pages\/639\/revisions"}],"predecessor-version":[{"id":881,"href":"https:\/\/merintas.com.tr\/en\/wp-json\/wp\/v2\/pages\/639\/revisions\/881"}],"wp:attachment":[{"href":"https:\/\/merintas.com.tr\/en\/wp-json\/wp\/v2\/media?parent=639"}],"curies":[{"name":"wp","href":"https:\/\/api.w.org\/{rel}","templated":true}]}}