{"id":585,"date":"2022-10-16T09:08:04","date_gmt":"2022-10-16T06:08:04","guid":{"rendered":"https:\/\/merintas.com.tr\/?page_id=585"},"modified":"2022-10-18T15:24:46","modified_gmt":"2022-10-18T12:24:46","slug":"uretim-surecleri","status":"publish","type":"page","link":"https:\/\/merintas.com.tr\/en\/uretim-surecleri\/","title":{"rendered":"\u00dcRET\u0130M S\u00dcRE\u00c7LER\u0130"},"content":{"rendered":"<div id=\"gap-618161216\" class=\"gap-element clearfix\" style=\"display:block; height:auto;\">\n\t\t\n<style scope=\"scope\">\n\n#gap-618161216 {\n  padding-top: 30px;\n}\n<\/style>\n\t<\/div>\n\t\n\n<div class=\"row align-center\"  id=\"row-1500073483\">\n\n\n\t<div class=\"col small-12 large-12\"  >\n\t\t<div class=\"col-inner text-center\"  >\n\t\t\t\n\t\t\t\n\n<a class=\"button primary\"  >\n    <span>SEKT\u00d6RLER<\/span>\n  <\/a>\n\n\n\n\t\t<\/div>\n\t<\/div>\n\n\t\n\n\t<div class=\"col medium-5 small-12 large-5\"  data-animate=\"bounceInLeft\">\n\t\t<div class=\"col-inner text-center\"  >\n\t\t\t\n\t\t\t\n\n<h2 style=\"text-align: left;\"><strong>\u2713 G\u0131da ve \u0130\u00e7ecek<\/strong><br \/><strong>\u2713 Ki\u015fisel Bak\u0131m<\/strong><br \/><strong>\u2713 Kozmetik<\/strong><br \/><strong>\u2713 \u0130la\u00e7 ve Sa\u011fl\u0131k<\/strong><br \/><strong>\u2713 Kimya<\/strong><br \/><strong>\u2713 Endu\u0308striyel \u00dcru\u0308nler<\/strong><\/h2>\n\n\t\t<\/div>\n\t<\/div>\n\n\t\n\n\t<div class=\"col medium-5 small-12 large-5\"  data-animate=\"bounceInRight\">\n\t\t<div class=\"col-inner text-center\"  >\n\t\t\t\n\t\t\t\n\n<h2 style=\"text-align: left;\"><strong>\u2713 Elektronik<\/strong><br \/><strong>\u2713 Otomotiv<\/strong><br \/><strong>\u2713 Plastik<\/strong><br \/><strong>\u2713 Tekstil<\/strong><br \/><strong>\u2713 Tar\u0131m<\/strong><br \/><strong>\u2713 Promosyon Hizmetleri<\/strong><\/h2>\n\n\t\t<\/div>\n\t<\/div>\n\n\t\n\n\n<style scope=\"scope\">\n\n<\/style>\n<\/div>\n<div class=\"row align-middle align-center\"  id=\"row-874820271\">\n\n\n\t<div class=\"col small-12 large-12\"  >\n\t\t<div class=\"col-inner text-center\"  >\n\t\t\t\n\t\t\t\n\n<a class=\"button primary\"  >\n    <span>BODY SLEEVE, ET\u0130KET VE IML GRAF\u0130K TASARIM B\u00d6L\u00dcM\u00dc<\/span>\n  <\/a>\n\n\n\n\t\t<\/div>\n\t<\/div>\n\n\t\n\n\t<div class=\"col medium-4 small-12 large-4\"  >\n\t\t<div class=\"col-inner\"  >\n\t\t\t\n\t\t\t\n\n\t<div class=\"img has-hover x md-x lg-x y md-y lg-y\" id=\"image_1095562529\">\n\t\t\t\t\t\t\t\t<div class=\"img-inner dark\" >\n\t\t\t<img loading=\"lazy\" decoding=\"async\" width=\"1020\" height=\"765\" src=\"https:\/\/merintas.com.tr\/wp-content\/uploads\/2022\/10\/iml-grafik-tasarim-1067x800.jpg\" class=\"attachment-large size-large\" alt=\"\" srcset=\"https:\/\/merintas.com.tr\/wp-content\/uploads\/2022\/10\/iml-grafik-tasarim-1067x800.jpg 1067w, https:\/\/merintas.com.tr\/wp-content\/uploads\/2022\/10\/iml-grafik-tasarim-533x400.jpg 533w, https:\/\/merintas.com.tr\/wp-content\/uploads\/2022\/10\/iml-grafik-tasarim-768x576.jpg 768w, https:\/\/merintas.com.tr\/wp-content\/uploads\/2022\/10\/iml-grafik-tasarim-1536x1152.jpg 1536w, https:\/\/merintas.com.tr\/wp-content\/uploads\/2022\/10\/iml-grafik-tasarim-16x12.jpg 16w, https:\/\/merintas.com.tr\/wp-content\/uploads\/2022\/10\/iml-grafik-tasarim.jpg 1800w\" sizes=\"auto, (max-width: 1020px) 100vw, 1020px\" \/>\t\t\t\t\t\t\n\t\t\t\t\t<\/div>\n\t\t\t\t\t\t\t\t\n<style scope=\"scope\">\n\n#image_1095562529 {\n  width: 100%;\n}\n<\/style>\n\t<\/div>\n\t\n\n\n\t\t<\/div>\n\t<\/div>\n\n\t\n\n\t<div class=\"col medium-4 small-12 large-4\"  >\n\t\t<div class=\"col-inner\"  >\n\t\t\t\n\t\t\t\n\n\t<div class=\"img has-hover x md-x lg-x y md-y lg-y\" id=\"image_1167121706\">\n\t\t\t\t\t\t\t\t<div class=\"img-inner dark\" >\n\t\t\t<img loading=\"lazy\" decoding=\"async\" width=\"1020\" height=\"765\" src=\"https:\/\/merintas.com.tr\/wp-content\/uploads\/2022\/10\/etiket-grafik-tasarim-1067x800.jpg\" class=\"attachment-large size-large\" alt=\"\" srcset=\"https:\/\/merintas.com.tr\/wp-content\/uploads\/2022\/10\/etiket-grafik-tasarim-1067x800.jpg 1067w, https:\/\/merintas.com.tr\/wp-content\/uploads\/2022\/10\/etiket-grafik-tasarim-533x400.jpg 533w, https:\/\/merintas.com.tr\/wp-content\/uploads\/2022\/10\/etiket-grafik-tasarim-768x576.jpg 768w, https:\/\/merintas.com.tr\/wp-content\/uploads\/2022\/10\/etiket-grafik-tasarim-1536x1152.jpg 1536w, https:\/\/merintas.com.tr\/wp-content\/uploads\/2022\/10\/etiket-grafik-tasarim-16x12.jpg 16w, https:\/\/merintas.com.tr\/wp-content\/uploads\/2022\/10\/etiket-grafik-tasarim.jpg 1800w\" sizes=\"auto, (max-width: 1020px) 100vw, 1020px\" \/>\t\t\t\t\t\t\n\t\t\t\t\t<\/div>\n\t\t\t\t\t\t\t\t\n<style scope=\"scope\">\n\n#image_1167121706 {\n  width: 100%;\n}\n<\/style>\n\t<\/div>\n\t\n\n\n\t\t<\/div>\n\t<\/div>\n\n\t\n\n\t<div class=\"col medium-4 small-12 large-4\"  >\n\t\t<div class=\"col-inner\"  >\n\t\t\t\n\t\t\t\n\n\t<div class=\"img has-hover x md-x lg-x y md-y lg-y\" id=\"image_1063709104\">\n\t\t\t\t\t\t\t\t<div class=\"img-inner dark\" >\n\t\t\t<img loading=\"lazy\" decoding=\"async\" width=\"1020\" height=\"765\" src=\"https:\/\/merintas.com.tr\/wp-content\/uploads\/2022\/10\/CTP-kalip-bolumu-1067x800.jpg\" class=\"attachment-large size-large\" alt=\"\" srcset=\"https:\/\/merintas.com.tr\/wp-content\/uploads\/2022\/10\/CTP-kalip-bolumu-1067x800.jpg 1067w, https:\/\/merintas.com.tr\/wp-content\/uploads\/2022\/10\/CTP-kalip-bolumu-533x400.jpg 533w, https:\/\/merintas.com.tr\/wp-content\/uploads\/2022\/10\/CTP-kalip-bolumu-768x576.jpg 768w, https:\/\/merintas.com.tr\/wp-content\/uploads\/2022\/10\/CTP-kalip-bolumu-1536x1152.jpg 1536w, https:\/\/merintas.com.tr\/wp-content\/uploads\/2022\/10\/CTP-kalip-bolumu-16x12.jpg 16w, https:\/\/merintas.com.tr\/wp-content\/uploads\/2022\/10\/CTP-kalip-bolumu.jpg 1800w\" sizes=\"auto, (max-width: 1020px) 100vw, 1020px\" \/>\t\t\t\t\t\t\n\t\t\t\t\t<\/div>\n\t\t\t\t\t\t\t\t\n<style scope=\"scope\">\n\n#image_1063709104 {\n  width: 100%;\n}\n<\/style>\n\t<\/div>\n\t\n\n\n\t\t<\/div>\n\t<\/div>\n\n\t\n\n\n<style scope=\"scope\">\n\n<\/style>\n<\/div>","protected":false},"excerpt":{"rendered":"","protected":false},"author":1,"featured_media":0,"parent":0,"menu_order":0,"comment_status":"closed","ping_status":"closed","template":"","meta":{"footnotes":""},"class_list":["post-585","page","type-page","status-publish","hentry"],"_links":{"self":[{"href":"https:\/\/merintas.com.tr\/en\/wp-json\/wp\/v2\/pages\/585","targetHints":{"allow":["GET"]}}],"collection":[{"href":"https:\/\/merintas.com.tr\/en\/wp-json\/wp\/v2\/pages"}],"about":[{"href":"https:\/\/merintas.com.tr\/en\/wp-json\/wp\/v2\/types\/page"}],"author":[{"embeddable":true,"href":"https:\/\/merintas.com.tr\/en\/wp-json\/wp\/v2\/users\/1"}],"replies":[{"embeddable":true,"href":"https:\/\/merintas.com.tr\/en\/wp-json\/wp\/v2\/comments?post=585"}],"version-history":[{"count":16,"href":"https:\/\/merintas.com.tr\/en\/wp-json\/wp\/v2\/pages\/585\/revisions"}],"predecessor-version":[{"id":879,"href":"https:\/\/merintas.com.tr\/en\/wp-json\/wp\/v2\/pages\/585\/revisions\/879"}],"wp:attachment":[{"href":"https:\/\/merintas.com.tr\/en\/wp-json\/wp\/v2\/media?parent=585"}],"curies":[{"name":"wp","href":"https:\/\/api.w.org\/{rel}","templated":true}]}}