{"id":523,"date":"2022-10-16T07:53:10","date_gmt":"2022-10-16T04:53:10","guid":{"rendered":"https:\/\/merintas.com.tr\/?page_id=523"},"modified":"2022-10-16T07:55:20","modified_gmt":"2022-10-16T04:55:20","slug":"uretim-politikamiz","status":"publish","type":"page","link":"https:\/\/merintas.com.tr\/en\/uretim-politikamiz\/","title":{"rendered":"\u00dcRET\u0130M POL\u0130T\u0130KAMIZ"},"content":{"rendered":"<div id=\"gap-1077714956\" class=\"gap-element clearfix\" style=\"display:block; height:auto;\">\n\t\t\n<style scope=\"scope\">\n\n#gap-1077714956 {\n  padding-top: 30px;\n}\n<\/style>\n\t<\/div>\n\t\n\n<div class=\"row\"  id=\"row-886091989\">\n\n\n\t<div class=\"col small-12 large-12\"  >\n\t\t<div class=\"col-inner\"  >\n\t\t\t\n\t\t\t\n\n<div class=\"column mcb-column mcb-item-ef6b065ef one tablet-one mobile-one column_column\">\n<div class=\"mcb-column-inner mcb-column-inner-ef6b065ef mcb-item-column-inner\">\n<h2><strong>Kalite Y\u00f6netimi<\/strong><\/h2>\n<p style=\"text-align: justify;\">Gelecek trend ve teknolojilerini ara\u015ft\u0131rarak, \u00fcretimimizi etikete olan uyumu inovatif d\u00fc\u015f\u00fcnce kapsam\u0131nda \u00fcr\u00fcn ve hizmetlerimize en h\u0131zl\u0131 \u015fekilde uyarlamaktay\u0131z. \u00dclkemizde ve d\u00fcnyada giderek \u00f6nem kazanan IML Etiketleme sistemi alan\u0131ndaki geli\u015fmeleri, geli\u015fen teknolojinin ambalaj sekt\u00f6r\u00fcne getirdi\u011fi yenilikleri takip etmekteyiz.<\/p>\n<h2><strong>\u00c7evre ve Sosyal Sorumluluk<\/strong><\/h2>\n<p>\u0130lgili \u00e7evre mevzuat\u0131 gereklerini kar\u015f\u0131lamak , at\u0131klar\u0131 minimuma indirmek, kirlili\u011fi kayna\u011f\u0131nda \u00f6nlemek ve \u00e7evre \u00fczerindeki olumsuz etkilerini azaltmak, \u00e7evreyi korumak ve bu prensibi t\u00fcm \u00e7evremize, \u00fclkeye ve d\u00fcnyaya yaymak i\u00e7in \u00e7al\u0131\u015fmaktay\u0131z. Faaliyet g\u00f6stermekte oldu\u011fumuz t\u00fcm alanlarda topluma kar\u015f\u0131 sosyal ve \u00e7evresel sorumluluklar\u0131m\u0131z\u0131, \u00e7al\u0131\u015fanlar\u0131m\u0131z, tedarik\u00e7ilerimiz, kamu ve sivil toplum kurulu\u015flar\u0131 ile i\u015f birli\u011fi i\u00e7erisinde yerine getirmekteyiz.<\/p>\n<h2><strong>G\u0131da G\u00fcvenli\u011fi<\/strong><\/h2>\n<p>Nitelikli ve profesyonel personeliyle, m\u00fc\u015fteri isteklerine \u00f6zen g\u00f6stererek, standartlara uygun, yasal mevzuatlara uygun, sa\u011fl\u0131kl\u0131 ve hijyenik ortamlarda, g\u00fcvenli \u00fcr\u00fcn \u00fcretmeyi ve m\u00fc\u015fterilerine sundu\u011fu kaliteli ve g\u00fcvenli \u00fcr\u00fcn ile \u00f6rnek bir i\u015fletme olmay\u0131 kendisine ama\u00e7 edinmi\u015ftir. Bu do\u011frultuda amac\u0131m\u0131z t\u00fcm \u00e7al\u0131\u015fanlar\u0131m\u0131z\u0131n kat\u0131l\u0131m\u0131yla ISO 22000 G\u0131da G\u00fcvenli\u011fi Y\u00f6netim Sistemi prensiplerini uygulayarak \u00fcretim yapmakt\u0131r.<\/p>\n<h2><strong>\u0130\u015f Sa\u011fl\u0131\u011f\u0131 G\u00fcvenli\u011fi<\/strong><\/h2>\n<p>\u0130SG politikam\u0131z, tabi oldu\u011fumuz t\u00fcm i\u015f sa\u011fl\u0131\u011f\u0131 ve g\u00fcvenli\u011fi mevzuatlar\u0131na uymak, proaktif bak\u0131\u015f a\u00e7\u0131s\u0131 ile i\u015f kazas\u0131 ve meslek hastal\u0131\u011f\u0131 risklerini minimize ederek hem \u00e7al\u0131\u015fanlar hem de \u00e7evre i\u00e7in sa\u011fl\u0131kl\u0131 ve g\u00fcvenli \u00e7al\u0131\u015fma ortam\u0131 olu\u015fturmakt\u0131r. Ayr\u0131ca firmam\u0131z, yaralanmalar\u0131n ve sa\u011fl\u0131k bozulmalar\u0131n\u0131n \u00f6nlenmesi ile i\u015f sa\u011fl\u0131\u011f\u0131 ve g\u00fcvenli\u011fi y\u00f6netimini ve performans\u0131n\u0131 s\u00fcrekli iyile\u015ftirmeyi taahh\u00fct etmektedir.<\/p>\n<\/div>\n<\/div>\n\n\t\t<\/div>\n\t<\/div>\n\n\t\n\n<\/div>","protected":false},"excerpt":{"rendered":"","protected":false},"author":1,"featured_media":0,"parent":0,"menu_order":0,"comment_status":"closed","ping_status":"closed","template":"","meta":{"footnotes":""},"class_list":["post-523","page","type-page","status-publish","hentry"],"_links":{"self":[{"href":"https:\/\/merintas.com.tr\/en\/wp-json\/wp\/v2\/pages\/523","targetHints":{"allow":["GET"]}}],"collection":[{"href":"https:\/\/merintas.com.tr\/en\/wp-json\/wp\/v2\/pages"}],"about":[{"href":"https:\/\/merintas.com.tr\/en\/wp-json\/wp\/v2\/types\/page"}],"author":[{"embeddable":true,"href":"https:\/\/merintas.com.tr\/en\/wp-json\/wp\/v2\/users\/1"}],"replies":[{"embeddable":true,"href":"https:\/\/merintas.com.tr\/en\/wp-json\/wp\/v2\/comments?post=523"}],"version-history":[{"count":3,"href":"https:\/\/merintas.com.tr\/en\/wp-json\/wp\/v2\/pages\/523\/revisions"}],"predecessor-version":[{"id":527,"href":"https:\/\/merintas.com.tr\/en\/wp-json\/wp\/v2\/pages\/523\/revisions\/527"}],"wp:attachment":[{"href":"https:\/\/merintas.com.tr\/en\/wp-json\/wp\/v2\/media?parent=523"}],"curies":[{"name":"wp","href":"https:\/\/api.w.org\/{rel}","templated":true}]}}