{"id":305,"date":"2022-10-15T23:59:27","date_gmt":"2022-10-15T20:59:27","guid":{"rendered":"http:\/\/merintas.com.tr\/?page_id=305"},"modified":"2022-10-17T17:03:32","modified_gmt":"2022-10-17T14:03:32","slug":"iletisim","status":"publish","type":"page","link":"https:\/\/merintas.com.tr\/en\/iletisim\/","title":{"rendered":"\u0130LET\u0130\u015e\u0130M"},"content":{"rendered":"<div id=\"gap-2119343807\" class=\"gap-element clearfix\" style=\"display:block; height:auto;\">\n\t\t\n<style scope=\"scope\">\n\n#gap-2119343807 {\n  padding-top: 30px;\n}\n<\/style>\n\t<\/div>\n\t\n\n<div class=\"row\"  id=\"row-314125842\">\n\n\n\t<div class=\"col medium-6 small-12 large-6\"  >\n\t\t<div class=\"col-inner\"  >\n\t\t\t\n\t\t\t\n\n<h3><strong>MER\u0130NTA\u015e \u0130N\u015eAAT MATBAA VE ET\u0130KET SAN. T\u0130C. A.\u015e.<\/strong><\/h3>\n<p>Adnan Kahveci,<br \/>B\u00fcy\u00fckdere Cd. No:22,<br \/>34528 Beylikd\u00fcz\u00fc\u00a0 \/\u0130stanbul \/ T\u00fcrkiye<br \/>Tel: +90 (212) 565 28 21<br \/>Gsm:+90 554 537 88 46<br \/>info@merintas.com<\/p>\n<p>\u00a0<\/p>\n<a href=\"https:\/\/goo.gl\/maps\/XUB45skydkJQdZHa6\" target=\"_self\" class=\"button primary lowercase\"  >\n    <span>Konuma Gidebilirsiniz..<\/span>\n  <\/a>\n\n\n\n\t\t<\/div>\n\t<\/div>\n\n\t\n\n\t<div class=\"col medium-6 small-12 large-6\"  >\n\t\t<div class=\"col-inner\"  >\n\t\t\t\n\t\t\t\n\n\n<div class=\"wpcf7 no-js\" id=\"wpcf7-f7-o1\" lang=\"tr-TR\" dir=\"ltr\" data-wpcf7-id=\"7\">\n<div class=\"screen-reader-response\"><p role=\"status\" aria-live=\"polite\" aria-atomic=\"true\"><\/p> <ul><\/ul><\/div>\n<form action=\"\/en\/wp-json\/wp\/v2\/pages\/305#wpcf7-f7-o1\" method=\"post\" class=\"wpcf7-form init\" aria-label=\"\u0130leti\u015fim Formu\" novalidate=\"novalidate\" data-status=\"init\" data-trp-original-action=\"\/en\/wp-json\/wp\/v2\/pages\/305#wpcf7-f7-o1\">\n<fieldset class=\"hidden-fields-container\"><input type=\"hidden\" name=\"_wpcf7\" value=\"7\" \/><input type=\"hidden\" name=\"_wpcf7_version\" value=\"6.1.4\" \/><input type=\"hidden\" name=\"_wpcf7_locale\" value=\"tr_TR\" \/><input type=\"hidden\" name=\"_wpcf7_unit_tag\" value=\"wpcf7-f7-o1\" \/><input type=\"hidden\" name=\"_wpcf7_container_post\" value=\"0\" \/><input type=\"hidden\" name=\"_wpcf7_posted_data_hash\" value=\"\" \/>\n<\/fieldset>\n<p><label>Ad Soyad<br \/>\n<span class=\"wpcf7-form-control-wrap\" data-name=\"your-name\"><input size=\"40\" maxlength=\"400\" class=\"wpcf7-form-control wpcf7-text wpcf7-validates-as-required\" aria-required=\"true\" aria-invalid=\"false\" value=\"\" type=\"text\" name=\"your-name\" \/><\/span> <\/label>\n<\/p>\n<p><label> Mail Adresi<br \/>\n<span class=\"wpcf7-form-control-wrap\" data-name=\"your-email\"><input size=\"40\" maxlength=\"400\" class=\"wpcf7-form-control wpcf7-email wpcf7-validates-as-required wpcf7-text wpcf7-validates-as-email\" aria-required=\"true\" aria-invalid=\"false\" value=\"\" type=\"email\" name=\"your-email\" \/><\/span> <\/label>\n<\/p>\n<p><label> Konu<br \/>\n<span class=\"wpcf7-form-control-wrap\" data-name=\"your-subject\"><input size=\"40\" maxlength=\"400\" class=\"wpcf7-form-control wpcf7-text wpcf7-validates-as-required\" aria-required=\"true\" aria-invalid=\"false\" value=\"\" type=\"text\" name=\"your-subject\" \/><\/span> <\/label>\n<\/p>\n<p><label> Mesaj\u0131n\u0131z<br \/>\n<span class=\"wpcf7-form-control-wrap\" data-name=\"your-message\"><textarea cols=\"40\" rows=\"10\" maxlength=\"2000\" class=\"wpcf7-form-control wpcf7-textarea\" aria-invalid=\"false\" name=\"your-message\"><\/textarea><\/span> <\/label>\n<\/p>\n<p><input class=\"wpcf7-form-control wpcf7-submit has-spinner\" type=\"submit\" value=\"G\u00f6nder\" \/>\n<\/p><div class=\"wpcf7-response-output\" aria-hidden=\"true\"><\/div>\n<input type=\"hidden\" name=\"trp-form-language\" value=\"en\"\/><\/form>\n<\/div>\n\n\n\n\t\t<\/div>\n\t<\/div>\n\n\t\n\n<\/div>\n<div class=\"row\"  id=\"row-231059879\">\n\n\n\t<div class=\"col small-12 large-12\"  >\n\t\t<div class=\"col-inner\"  >\n\t\t\t\n\t\t\t\n\n\t<div class=\"img has-hover x md-x lg-x y md-y lg-y\" id=\"image_1683820775\">\n\t\t\t\t\t\t\t\t<div class=\"img-inner dark\" >\n\t\t\t<img loading=\"lazy\" decoding=\"async\" width=\"1020\" height=\"692\" src=\"https:\/\/merintas.com.tr\/wp-content\/uploads\/2022\/10\/merintas-outdoor.jpg\" class=\"attachment-large size-large\" alt=\"\" srcset=\"https:\/\/merintas.com.tr\/wp-content\/uploads\/2022\/10\/merintas-outdoor.jpg 1180w, https:\/\/merintas.com.tr\/wp-content\/uploads\/2022\/10\/merintas-outdoor-589x400.jpg 589w, https:\/\/merintas.com.tr\/wp-content\/uploads\/2022\/10\/merintas-outdoor-768x521.jpg 768w, https:\/\/merintas.com.tr\/wp-content\/uploads\/2022\/10\/merintas-outdoor-18x12.jpg 18w\" sizes=\"auto, (max-width: 1020px) 100vw, 1020px\" \/>\t\t\t\t\t\t\n\t\t\t\t\t<\/div>\n\t\t\t\t\t\t\t\t\n<style scope=\"scope\">\n\n#image_1683820775 {\n  width: 100%;\n}\n<\/style>\n\t<\/div>\n\t\n\n\n\t\t<\/div>\n\t<\/div>\n\n\t\n\n<\/div>","protected":false},"excerpt":{"rendered":"","protected":false},"author":1,"featured_media":0,"parent":0,"menu_order":0,"comment_status":"closed","ping_status":"closed","template":"","meta":{"footnotes":""},"class_list":["post-305","page","type-page","status-publish","hentry"],"_links":{"self":[{"href":"https:\/\/merintas.com.tr\/en\/wp-json\/wp\/v2\/pages\/305","targetHints":{"allow":["GET"]}}],"collection":[{"href":"https:\/\/merintas.com.tr\/en\/wp-json\/wp\/v2\/pages"}],"about":[{"href":"https:\/\/merintas.com.tr\/en\/wp-json\/wp\/v2\/types\/page"}],"author":[{"embeddable":true,"href":"https:\/\/merintas.com.tr\/en\/wp-json\/wp\/v2\/users\/1"}],"replies":[{"embeddable":true,"href":"https:\/\/merintas.com.tr\/en\/wp-json\/wp\/v2\/comments?post=305"}],"version-history":[{"count":8,"href":"https:\/\/merintas.com.tr\/en\/wp-json\/wp\/v2\/pages\/305\/revisions"}],"predecessor-version":[{"id":620,"href":"https:\/\/merintas.com.tr\/en\/wp-json\/wp\/v2\/pages\/305\/revisions\/620"}],"wp:attachment":[{"href":"https:\/\/merintas.com.tr\/en\/wp-json\/wp\/v2\/media?parent=305"}],"curies":[{"name":"wp","href":"https:\/\/api.w.org\/{rel}","templated":true}]}}